{"id":946,"date":"2021-10-27T21:17:14","date_gmt":"2021-10-27T18:17:14","guid":{"rendered":"http:\/\/1.aylinelektronik.com\/?page_id=946"},"modified":"2025-09-01T08:51:15","modified_gmt":"2025-09-01T08:51:15","slug":"indir","status":"publish","type":"page","link":"https:\/\/aylinelektronik.com\/aylin\/indir\/","title":{"rendered":"Dosya Payla\u015f\u0131m"},"content":{"rendered":"<p>Dosya Linkleri<\/p>\n<p><a href=\"https:\/\/www.nextyazilim.com\/indir\">Next Yaz\u0131l\u0131m Sistesi<\/a><\/p>\n<p><a href=\"https:\/\/www.nextteknik.net\/\">Next Android Yaz\u0131l\u0131m Sitesi\u00a0<\/a><\/p>\n<p><a href=\"https:\/\/www.stbsupport.com\/\">Redline Yaz\u0131l\u0131m\u0131<\/a><\/p>\n<p><a href=\"https:\/\/flysat.com\/en\/satellite\/turksat-4a\">T\u00fcrksat Frekans Listesi<\/a><\/p>\n","protected":false},"excerpt":{"rendered":"<p>Dosya Linkleri Next Yaz\u0131l\u0131m Sistesi Next Android Yaz\u0131l\u0131m Sitesi\u00a0 Redline Yaz\u0131l\u0131m\u0131 T\u00fcrksat Frekans Listesi<\/p>\n","protected":false},"author":1,"featured_media":0,"parent":0,"menu_order":0,"comment_status":"closed","ping_status":"closed","template":"","meta":{"om_disable_all_campaigns":false,"_monsterinsights_skip_tracking":false,"_monsterinsights_sitenote_active":false,"_monsterinsights_sitenote_note":"","_monsterinsights_sitenote_category":0,"footnotes":""},"class_list":["post-946","page","type-page","status-publish","hentry"],"aioseo_notices":[],"_links":{"self":[{"href":"https:\/\/aylinelektronik.com\/aylin\/wp-json\/wp\/v2\/pages\/946","targetHints":{"allow":["GET"]}}],"collection":[{"href":"https:\/\/aylinelektronik.com\/aylin\/wp-json\/wp\/v2\/pages"}],"about":[{"href":"https:\/\/aylinelektronik.com\/aylin\/wp-json\/wp\/v2\/types\/page"}],"author":[{"embeddable":true,"href":"https:\/\/aylinelektronik.com\/aylin\/wp-json\/wp\/v2\/users\/1"}],"replies":[{"embeddable":true,"href":"https:\/\/aylinelektronik.com\/aylin\/wp-json\/wp\/v2\/comments?post=946"}],"version-history":[{"count":19,"href":"https:\/\/aylinelektronik.com\/aylin\/wp-json\/wp\/v2\/pages\/946\/revisions"}],"predecessor-version":[{"id":1617,"href":"https:\/\/aylinelektronik.com\/aylin\/wp-json\/wp\/v2\/pages\/946\/revisions\/1617"}],"wp:attachment":[{"href":"https:\/\/aylinelektronik.com\/aylin\/wp-json\/wp\/v2\/media?parent=946"}],"curies":[{"name":"wp","href":"https:\/\/api.w.org\/{rel}","templated":true}]}}