{"id":76,"date":"2021-04-23T11:04:51","date_gmt":"2021-04-23T08:04:51","guid":{"rendered":"https:\/\/xml-io.proteusthemes.com\/cargopress\/?page_id=76"},"modified":"2022-10-29T08:07:38","modified_gmt":"2022-10-29T08:07:38","slug":"hizmetlerimiz","status":"publish","type":"page","link":"https:\/\/aylinelektronik.com\/aylin\/hizmetlerimiz\/","title":{"rendered":"H\u0130ZMETLER\u0130M\u0130Z"},"content":{"rendered":"\n\n\n<div class=\"wp-block-group\"><div class=\"wp-block-group__inner-container is-layout-flow wp-block-group-is-layout-flow\">\n<div class=\"wp-block-columns is-layout-flex wp-container-core-columns-is-layout-9d6595d7 wp-block-columns-is-layout-flex\">\n<div class=\"wp-block-column is-layout-flow wp-block-column-is-layout-flow\" style=\"flex-basis:100%\">\n<div class=\"wp-block-group\"><div class=\"wp-block-group__inner-container is-layout-flow wp-block-group-is-layout-flow\"><ul class=\"wp-block-page-list\"><li class=\"wp-block-pages-list__item\"><a class=\"wp-block-pages-list__item__link\" href=\"https:\/\/aylinelektronik.com\/aylin\/aylinelektronikburdur\/\">ANA SAYFA<\/a><\/li><li class=\"wp-block-pages-list__item\"><a class=\"wp-block-pages-list__item__link\" href=\"https:\/\/aylinelektronik.com\/aylin\/bayi-paneli\/\">Bayi Paneli<\/a><\/li><li class=\"wp-block-pages-list__item\"><a class=\"wp-block-pages-list__item__link\" href=\"https:\/\/aylinelektronik.com\/aylin\/indir\/\">Dosya Payla\u015f\u0131m<\/a><\/li><li class=\"wp-block-pages-list__item\"><a class=\"wp-block-pages-list__item__link\" href=\"https:\/\/aylinelektronik.com\/aylin\/hakkimizda\/\">HAKKIMIZDA<\/a><\/li><li class=\"wp-block-pages-list__item has-child\"><a class=\"wp-block-pages-list__item__link\" href=\"https:\/\/aylinelektronik.com\/aylin\/hizmetlerimiz\/\">H\u0130ZMETLER\u0130M\u0130Z<\/a><ul class=\"wp-block-navigation__submenu-container\"><li class=\"wp-block-pages-list__item \"><a class=\"wp-block-pages-list__item__link\" href=\"https:\/\/aylinelektronik.com\/aylin\/hizmetlerimiz\/elektrikli-cit-sistemleri-elektriklicitcihazi-aylinelektronikburdur\/\">Elektrikli \u00c7it Sistemleri<\/a><\/li><li class=\"wp-block-pages-list__item \"><a class=\"wp-block-pages-list__item__link\" href=\"https:\/\/aylinelektronik.com\/aylin\/hizmetlerimiz\/guvenlik-sistemleri-aylinelektronikburdur\/\">G\u00fcvenlik Sistemleri<\/a><\/li><li class=\"wp-block-pages-list__item \"><a class=\"wp-block-pages-list__item__link\" href=\"https:\/\/aylinelektronik.com\/aylin\/hizmetlerimiz\/led-tv-ariza-onarim-aylinelektronikburdur\/\">Led Tv Ar\u0131za Onar\u0131m<\/a><\/li><li class=\"wp-block-pages-list__item \"><a class=\"wp-block-pages-list__item__link\" href=\"https:\/\/aylinelektronik.com\/aylin\/hizmetlerimiz\/oto-anfi-bakim-onarim-aylinelektronikburdur\/\">Oto Amfi Bak\u0131m Onar\u0131m<\/a><\/li><li class=\"wp-block-pages-list__item \"><a class=\"wp-block-pages-list__item__link\" href=\"https:\/\/aylinelektronik.com\/aylin\/hizmetlerimiz\/oto-ses-sistemleri-aylinelektronikburdur\/\">Oto Ses Sistemleri<\/a><\/li><li class=\"wp-block-pages-list__item \"><a class=\"wp-block-pages-list__item__link\" href=\"https:\/\/aylinelektronik.com\/aylin\/hizmetlerimiz\/sifreli-gecis-sistemleri\/\">\u015eifreli Ge\u00e7i\u015f Sistemleri<\/a><\/li><li class=\"wp-block-pages-list__item \"><a class=\"wp-block-pages-list__item__link\" href=\"https:\/\/aylinelektronik.com\/aylin\/hizmetlerimiz\/tarim-sulama-sistemleri-aylinelektronikburdur\/\">Tar\u0131m Sulama Sistemleri<\/a><\/li><li class=\"wp-block-pages-list__item \"><a class=\"wp-block-pages-list__item__link\" href=\"https:\/\/aylinelektronik.com\/aylin\/hizmetlerimiz\/uydu-santral-sistemleri-aylinelektronikburdur\/\">Uydu Santral Sistemleri<\/a><\/li><\/ul><\/li><li class=\"wp-block-pages-list__item menu-item-home\"><a class=\"wp-block-pages-list__item__link\" href=\"https:\/\/aylinelektronik.com\/aylin\/\">Home<\/a><\/li><li class=\"wp-block-pages-list__item\"><a class=\"wp-block-pages-list__item__link\" href=\"https:\/\/aylinelektronik.com\/aylin\/iletisim\/\">\u0130leti\u015fim<\/a><\/li><\/ul><\/div><\/div>\n<\/div>\n<\/div>\n<\/div><\/div>\n","protected":false},"excerpt":{"rendered":"","protected":false},"author":1,"featured_media":0,"parent":0,"menu_order":0,"comment_status":"closed","ping_status":"closed","template":"","meta":{"om_disable_all_campaigns":false,"_monsterinsights_skip_tracking":false,"_monsterinsights_sitenote_active":false,"_monsterinsights_sitenote_note":"","_monsterinsights_sitenote_category":0,"footnotes":""},"class_list":["post-76","page","type-page","status-publish","hentry"],"aioseo_notices":[],"_links":{"self":[{"href":"https:\/\/aylinelektronik.com\/aylin\/wp-json\/wp\/v2\/pages\/76","targetHints":{"allow":["GET"]}}],"collection":[{"href":"https:\/\/aylinelektronik.com\/aylin\/wp-json\/wp\/v2\/pages"}],"about":[{"href":"https:\/\/aylinelektronik.com\/aylin\/wp-json\/wp\/v2\/types\/page"}],"author":[{"embeddable":true,"href":"https:\/\/aylinelektronik.com\/aylin\/wp-json\/wp\/v2\/users\/1"}],"replies":[{"embeddable":true,"href":"https:\/\/aylinelektronik.com\/aylin\/wp-json\/wp\/v2\/comments?post=76"}],"version-history":[{"count":2,"href":"https:\/\/aylinelektronik.com\/aylin\/wp-json\/wp\/v2\/pages\/76\/revisions"}],"predecessor-version":[{"id":1547,"href":"https:\/\/aylinelektronik.com\/aylin\/wp-json\/wp\/v2\/pages\/76\/revisions\/1547"}],"wp:attachment":[{"href":"https:\/\/aylinelektronik.com\/aylin\/wp-json\/wp\/v2\/media?parent=76"}],"curies":[{"name":"wp","href":"https:\/\/api.w.org\/{rel}","templated":true}]}}