{"id":33,"date":"2020-09-29T10:13:09","date_gmt":"2020-09-29T07:13:09","guid":{"rendered":"https:\/\/xml-io.proteusthemes.com\/cargopress\/?page_id=6"},"modified":"2025-02-07T14:51:00","modified_gmt":"2025-02-07T14:51:00","slug":"aylinelektronikburdur","status":"publish","type":"page","link":"https:\/\/aylinelektronik.com\/aylin\/aylinelektronikburdur\/","title":{"rendered":"ANA SAYFA"},"content":{"rendered":"<p style=\"text-align: center;\"><a href=\"https:\/\/magaza.aylinelektronik.com\/\"><strong>Ma\u011fazam\u0131z\u0131 Ziyaret Etmek \u0130stermisiniz? T\u0131klay\u0131n.\u00a0<\/strong><\/a><\/p>\n<p><img loading=\"lazy\" decoding=\"async\" class=\"size-medium wp-image-1511 aligncenter\" src=\"https:\/\/aylinelektronik.com\/aylin\/wp-content\/uploads\/2022\/10\/aylinelektroniklogo-1-300x225.jpg\" alt=\"Aylin Elektronik Logo\" width=\"300\" height=\"225\" srcset=\"https:\/\/aylinelektronik.com\/aylin\/wp-content\/uploads\/2022\/10\/aylinelektroniklogo-1-300x225.jpg 300w, https:\/\/aylinelektronik.com\/aylin\/wp-content\/uploads\/2022\/10\/aylinelektroniklogo-1-1024x768.jpg 1024w, https:\/\/aylinelektronik.com\/aylin\/wp-content\/uploads\/2022\/10\/aylinelektroniklogo-1-768x576.jpg 768w, https:\/\/aylinelektronik.com\/aylin\/wp-content\/uploads\/2022\/10\/aylinelektroniklogo-1-1536x1152.jpg 1536w, https:\/\/aylinelektronik.com\/aylin\/wp-content\/uploads\/2022\/10\/aylinelektroniklogo-1.jpg 2000w\" sizes=\"auto, (max-width: 300px) 100vw, 300px\" \/><\/p>\n","protected":false},"excerpt":{"rendered":"<p>Ma\u011fazam\u0131z\u0131 Ziyaret Etmek \u0130stermisiniz? T\u0131klay\u0131n.\u00a0<\/p>\n","protected":false},"author":1,"featured_media":0,"parent":0,"menu_order":0,"comment_status":"closed","ping_status":"closed","template":"","meta":{"om_disable_all_campaigns":false,"_monsterinsights_skip_tracking":false,"_monsterinsights_sitenote_active":false,"_monsterinsights_sitenote_note":"","_monsterinsights_sitenote_category":0,"footnotes":""},"class_list":["post-33","page","type-page","status-publish","hentry"],"aioseo_notices":[],"_links":{"self":[{"href":"https:\/\/aylinelektronik.com\/aylin\/wp-json\/wp\/v2\/pages\/33","targetHints":{"allow":["GET"]}}],"collection":[{"href":"https:\/\/aylinelektronik.com\/aylin\/wp-json\/wp\/v2\/pages"}],"about":[{"href":"https:\/\/aylinelektronik.com\/aylin\/wp-json\/wp\/v2\/types\/page"}],"author":[{"embeddable":true,"href":"https:\/\/aylinelektronik.com\/aylin\/wp-json\/wp\/v2\/users\/1"}],"replies":[{"embeddable":true,"href":"https:\/\/aylinelektronik.com\/aylin\/wp-json\/wp\/v2\/comments?post=33"}],"version-history":[{"count":3,"href":"https:\/\/aylinelektronik.com\/aylin\/wp-json\/wp\/v2\/pages\/33\/revisions"}],"predecessor-version":[{"id":1613,"href":"https:\/\/aylinelektronik.com\/aylin\/wp-json\/wp\/v2\/pages\/33\/revisions\/1613"}],"wp:attachment":[{"href":"https:\/\/aylinelektronik.com\/aylin\/wp-json\/wp\/v2\/media?parent=33"}],"curies":[{"name":"wp","href":"https:\/\/api.w.org\/{rel}","templated":true}]}}