{"id":120,"date":"2021-05-04T10:00:41","date_gmt":"2021-05-04T07:00:41","guid":{"rendered":"https:\/\/xml-io.proteusthemes.com\/cargopress\/?page_id=120"},"modified":"2022-10-13T16:36:01","modified_gmt":"2022-10-13T16:36:01","slug":"iletisim","status":"publish","type":"page","link":"https:\/\/aylinelektronik.com\/aylin\/iletisim\/","title":{"rendered":"\u0130leti\u015fim"},"content":{"rendered":"\n<div class=\"wp-block-group\"><div class=\"wp-block-group__inner-container is-layout-flow wp-block-group-is-layout-flow\">\n<div class=\"wp-block-columns is-layout-flex wp-container-core-columns-is-layout-9d6595d7 wp-block-columns-is-layout-flex\">\n<div class=\"wp-block-column is-layout-flow wp-block-column-is-layout-flow\" style=\"flex-basis:100%\">\n<div class=\"wp-block-group\"><div class=\"wp-block-group__inner-container is-layout-flow wp-block-group-is-layout-flow\">\n<div class=\"wp-block-columns is-layout-flex wp-container-core-columns-is-layout-9d6595d7 wp-block-columns-is-layout-flex\">\n<div class=\"wp-block-column is-layout-flow wp-block-column-is-layout-flow\" style=\"flex-basis:100%\">\n<div class=\"wp-block-group\"><div class=\"wp-block-group__inner-container is-layout-flow wp-block-group-is-layout-flow\">\n<div id=\"pl-120\" class=\"panel-layout\">\n<div id=\"pg-120-0\" class=\"panel-grid panel-no-style\">\n<div id=\"pgc-120-0-0\" class=\"panel-grid-cell\" data-weight=\"0.25020815986678\">\n<div id=\"panel-120-0-0-0\" class=\"so-panel widget widget_black-studio-tinymce widget_black_studio_tinymce panel-first-child\" data-index=\"0\" data-style=\"{&quot;background_image_attachment&quot;:false,&quot;background_display&quot;:&quot;tile&quot;,&quot;featured_widgets&quot;:true,&quot;bigger_title&quot;:&quot;&quot;}\">\n<div class=\"featured-widget panel-widget-style panel-widget-style-for-120-0-0-0\">\n<h3 class=\"widget-title\"><span class=\"widget-title__inline\">\u0130LET\u0130\u015e\u0130M B\u0130LG\u0130LER\u0130M\u0130Z<\/span><\/h3>\n<div class=\"textwidget\"><strong>Aylin Elektronik Burdur.<\/strong>\n<p class=\"address\">\u00d6zg\u00fcr Mahallesi Namazgah Sokak No:6\/B<br \/>BURDUR\/MERKEZ<\/p>\n<p class=\"address\">GSM: <a href=\"tel:+905451120015\">+90 (545) 112 00 15<\/a><br \/>info@aylinelektronik.com<\/p>\n<\/div>\n<\/div>\n<\/div>\n<\/div>\n<div id=\"pgc-120-0-1\" class=\"panel-grid-cell\" data-weight=\"0.74979184013322\">\n<div id=\"panel-120-0-1-0\" class=\"so-panel widget widget_black-studio-tinymce widget_black_studio_tinymce panel-first-child panel-last-child\" data-index=\"2\" data-style=\"{&quot;background_image_attachment&quot;:false,&quot;background_display&quot;:&quot;tile&quot;,&quot;featured_widgets&quot;:&quot;&quot;,&quot;bigger_title&quot;:&quot;&quot;}\">\n<div class=\"textwidget\">Bizimle \u0130leti\u015fime Ge\u00e7in.<\/div>\n<div>\u00a0<\/div>\n<\/div>\n<\/div>\n<\/div>\n<\/div>\n<p><iframe loading=\"lazy\" style=\"border: 0;\" src=\"https:\/\/www.google.com\/maps\/embed?pb=!1m14!1m8!1m3!1d2294447.00944749!2d30.420338148125374!3d37.41850471898574!3m2!1i1024!2i768!4f13.1!3m3!1m2!1s0x14c438fe77be0a21%3A0x5bd19938812a2753!2sAylin%20Elektronik%20Burdur!5e0!3m2!1str!2str!4v1665679308816!5m2!1str!2str\" width=\"600\" height=\"400\" allowfullscreen=\"allowfullscreen\"><\/iframe><\/p>\n<\/div><\/div>\n<\/div>\n<\/div>\n<\/div><\/div>\n<\/div>\n<\/div>\n<\/div><\/div>\n","protected":false},"excerpt":{"rendered":"<p>\u0130LET\u0130\u015e\u0130M B\u0130LG\u0130LER\u0130M\u0130Z Aylin Elektronik Burdur. \u00d6zg\u00fcr Mahallesi Namazgah Sokak No:6\/BBURDUR\/MERKEZ GSM: +90 (545) 112 00 15info@aylinelektronik.com Bizimle \u0130leti\u015fime Ge\u00e7in. \u00a0<\/p>\n","protected":false},"author":1,"featured_media":0,"parent":0,"menu_order":0,"comment_status":"closed","ping_status":"closed","template":"","meta":{"om_disable_all_campaigns":false,"_monsterinsights_skip_tracking":false,"_monsterinsights_sitenote_active":false,"_monsterinsights_sitenote_note":"","_monsterinsights_sitenote_category":0,"footnotes":""},"class_list":["post-120","page","type-page","status-publish","hentry"],"aioseo_notices":[],"_links":{"self":[{"href":"https:\/\/aylinelektronik.com\/aylin\/wp-json\/wp\/v2\/pages\/120","targetHints":{"allow":["GET"]}}],"collection":[{"href":"https:\/\/aylinelektronik.com\/aylin\/wp-json\/wp\/v2\/pages"}],"about":[{"href":"https:\/\/aylinelektronik.com\/aylin\/wp-json\/wp\/v2\/types\/page"}],"author":[{"embeddable":true,"href":"https:\/\/aylinelektronik.com\/aylin\/wp-json\/wp\/v2\/users\/1"}],"replies":[{"embeddable":true,"href":"https:\/\/aylinelektronik.com\/aylin\/wp-json\/wp\/v2\/comments?post=120"}],"version-history":[{"count":10,"href":"https:\/\/aylinelektronik.com\/aylin\/wp-json\/wp\/v2\/pages\/120\/revisions"}],"predecessor-version":[{"id":1507,"href":"https:\/\/aylinelektronik.com\/aylin\/wp-json\/wp\/v2\/pages\/120\/revisions\/1507"}],"wp:attachment":[{"href":"https:\/\/aylinelektronik.com\/aylin\/wp-json\/wp\/v2\/media?parent=120"}],"curies":[{"name":"wp","href":"https:\/\/api.w.org\/{rel}","templated":true}]}}