{"id":1012,"date":"2021-04-20T11:35:52","date_gmt":"2021-04-20T08:35:52","guid":{"rendered":"http:\/\/1.aylinelektronik.com\/?page_id=569"},"modified":"2022-10-28T12:52:55","modified_gmt":"2022-10-28T12:52:55","slug":"led-tv-ariza-onarim-aylinelektronikburdur","status":"publish","type":"page","link":"https:\/\/aylinelektronik.com\/aylin\/hizmetlerimiz\/led-tv-ariza-onarim-aylinelektronikburdur\/","title":{"rendered":"Led Tv Ar\u0131za Onar\u0131m"},"content":{"rendered":"<div id=\"pl-1012\" class=\"panel-layout\">\n<div id=\"pg-1012-0\" class=\"panel-grid panel-no-style\" data-style=\"{&quot;background_image_attachment&quot;:false,&quot;background_display&quot;:&quot;tile&quot;,&quot;cell_alignment&quot;:&quot;flex-start&quot;}\" data-ratio=\"1\" data-ratio-direction=\"right\">\n<div id=\"pgc-1012-0-0\" class=\"panel-grid-cell\" data-weight=\"1\">\n<div id=\"panel-1012-0-0-0\" class=\"so-panel widget widget_black-studio-tinymce widget_black_studio_tinymce panel-first-child panel-last-child\" data-index=\"0\" data-style=\"{&quot;background_image_attachment&quot;:false,&quot;background_display&quot;:&quot;tile&quot;,&quot;featured_widgets&quot;:&quot;&quot;,&quot;bigger_title&quot;:&quot;&quot;}\">\n<div class=\"textwidget\">\n<p><img loading=\"lazy\" decoding=\"async\" class=\"aligncenter wp-image-1516 \" src=\"https:\/\/aylinelektronik.com\/aylin\/wp-content\/uploads\/2022\/10\/ledtvtamir-aylin-1024x576.jpg\" alt=\"\" width=\"416\" height=\"234\" srcset=\"https:\/\/aylinelektronik.com\/aylin\/wp-content\/uploads\/2022\/10\/ledtvtamir-aylin-1024x576.jpg 1024w, https:\/\/aylinelektronik.com\/aylin\/wp-content\/uploads\/2022\/10\/ledtvtamir-aylin-300x169.jpg 300w, https:\/\/aylinelektronik.com\/aylin\/wp-content\/uploads\/2022\/10\/ledtvtamir-aylin-768x432.jpg 768w, https:\/\/aylinelektronik.com\/aylin\/wp-content\/uploads\/2022\/10\/ledtvtamir-aylin-1536x864.jpg 1536w, https:\/\/aylinelektronik.com\/aylin\/wp-content\/uploads\/2022\/10\/ledtvtamir-aylin.jpg 1920w\" sizes=\"auto, (max-width: 416px) 100vw, 416px\" \/><\/p>\n<p style=\"text-align: left;\">Televizyonlar servisimize geldi\u011finde \u00f6ncelikle g\u00f6rsel olarak genel sorunlar\u0131n incelenmesi yap\u0131l\u0131r. M\u00fc\u015fterileriden al\u0131nan bilgiler do\u011frultusunda \u015fikayetin kayna\u011f\u0131 belli olsa dahi mutlaka ar\u0131za tespiti yap\u0131l\u0131r ve net sonu\u00e7 bilgisi m\u00fc\u015fteriye sunulur. Televizyonlarda g\u00f6r\u00fcnt\u00fc ar\u0131zalar\u0131 LED- LCD televizyonlar da s\u0131k rastlan\u0131lan bir durumdur. Bunun bir\u00e7ok sebebi olmaktad\u0131r. Genellikle voltaj sorunlu kaynaklanan bu ar\u0131zalar ana karta ve panele zarar vermektedir.<br \/>\nLed-Lcd televizyon panel ar\u0131zalar\u0131 g\u00f6rsel olarak ve cihaz kontrolleri ile sa\u011flanabilmektedir. Televizyonlarda panel iki b\u00f6l\u00fcmden olu\u015fmaktad\u0131r. Ar\u0131zal\u0131 olan b\u00f6l\u00fcm tek tarafta ise yap\u0131lan kontroller sonucunda kesinle\u015fen ar\u0131zal\u0131 b\u00f6l\u00fcm onar\u0131m\u0131 yap\u0131l\u0131r.<\/p>\n<\/div>\n<\/div>\n<\/div>\n<\/div>\n<\/div>\n","protected":false},"excerpt":{"rendered":"<p>Televizyonlar servisimize geldi\u011finde \u00f6ncelikle g\u00f6rsel olarak genel sorunlar\u0131n incelenmesi yap\u0131l\u0131r. M\u00fc\u015fterileriden al\u0131nan bilgiler do\u011frultusunda \u015fikayetin kayna\u011f\u0131 belli olsa dahi mutlaka ar\u0131za tespiti yap\u0131l\u0131r ve net sonu\u00e7 bilgisi m\u00fc\u015fteriye sunulur.<\/p>\n","protected":false},"author":1,"featured_media":825,"parent":76,"menu_order":0,"comment_status":"closed","ping_status":"closed","template":"","meta":{"om_disable_all_campaigns":false,"_monsterinsights_skip_tracking":false,"_monsterinsights_sitenote_active":false,"_monsterinsights_sitenote_note":"","_monsterinsights_sitenote_category":0,"footnotes":""},"class_list":["post-1012","page","type-page","status-publish","has-post-thumbnail","hentry"],"aioseo_notices":[],"_links":{"self":[{"href":"https:\/\/aylinelektronik.com\/aylin\/wp-json\/wp\/v2\/pages\/1012","targetHints":{"allow":["GET"]}}],"collection":[{"href":"https:\/\/aylinelektronik.com\/aylin\/wp-json\/wp\/v2\/pages"}],"about":[{"href":"https:\/\/aylinelektronik.com\/aylin\/wp-json\/wp\/v2\/types\/page"}],"author":[{"embeddable":true,"href":"https:\/\/aylinelektronik.com\/aylin\/wp-json\/wp\/v2\/users\/1"}],"replies":[{"embeddable":true,"href":"https:\/\/aylinelektronik.com\/aylin\/wp-json\/wp\/v2\/comments?post=1012"}],"version-history":[{"count":1,"href":"https:\/\/aylinelektronik.com\/aylin\/wp-json\/wp\/v2\/pages\/1012\/revisions"}],"predecessor-version":[{"id":1524,"href":"https:\/\/aylinelektronik.com\/aylin\/wp-json\/wp\/v2\/pages\/1012\/revisions\/1524"}],"up":[{"embeddable":true,"href":"https:\/\/aylinelektronik.com\/aylin\/wp-json\/wp\/v2\/pages\/76"}],"wp:featuredmedia":[{"embeddable":true,"href":"https:\/\/aylinelektronik.com\/aylin\/wp-json\/"}],"wp:attachment":[{"href":"https:\/\/aylinelektronik.com\/aylin\/wp-json\/wp\/v2\/media?parent=1012"}],"curies":[{"name":"wp","href":"https:\/\/api.w.org\/{rel}","templated":true}]}}