{"id":1010,"date":"2021-04-23T12:39:15","date_gmt":"2021-04-23T09:39:15","guid":{"rendered":"https:\/\/xml-io.proteusthemes.com\/cargopress\/?page_id=101"},"modified":"2022-10-28T09:27:00","modified_gmt":"2022-10-28T09:27:00","slug":"guvenlik-sistemleri-aylinelektronikburdur","status":"publish","type":"page","link":"https:\/\/aylinelektronik.com\/aylin\/hizmetlerimiz\/guvenlik-sistemleri-aylinelektronikburdur\/","title":{"rendered":"G\u00fcvenlik Sistemleri"},"content":{"rendered":"<div id=\"pl-1010\" class=\"panel-layout\">\n<div id=\"pg-1010-0\" class=\"panel-grid panel-no-style\">\n<div id=\"pgc-1010-0-0\" class=\"panel-grid-cell\" data-weight=\"0.5\">\n<div id=\"panel-1010-0-0-0\" class=\"so-panel widget widget_black-studio-tinymce widget_black_studio_tinymce panel-first-child panel-last-child\" data-index=\"0\" data-style=\"{&quot;background_image_attachment&quot;:false,&quot;background_display&quot;:&quot;tile&quot;,&quot;featured_widgets&quot;:&quot;&quot;,&quot;bigger_title&quot;:&quot;&quot;}\">\n<div class=\"textwidget\">\n<h3 style=\"text-align: center;\"><strong>G\u00fcvenlik Sistemleri \u00c7e\u015fitleri Nelerdir?<\/strong><\/h3>\n<p>G\u00fcvenlik sistemleri hayat\u0131m\u0131z\u0131n her alan\u0131nda bizleri koruyacak kadar \u00e7ok \u00e7e\u015fittedir. Evinizde, ofisinizde ve ara\u00e7lar\u0131n\u0131zda alaca\u011f\u0131n\u0131z tedbirlere ba\u011fl\u0131 olarak g\u00fcvenlik sistemleri de \u00e7e\u015fitlenmektedir.<\/p>\n<ul>\n<li>Ev i\u00e7i g\u00fcvenlik sistemleri<\/li>\n<li>Ofis g\u00fcvenlik sistemleri<\/li>\n<li>Ara\u00e7 g\u00fcvenlik sistemleri<\/li>\n<li>Elektronik g\u00fcvenlik sistemleri<\/li>\n<li>Alarml\u0131 g\u00fcvenlik sistemleri<\/li>\n<li>Kap\u0131 g\u00fcvenlik sistemleri<\/li>\n<li>Kamera g\u00fcvenlik sistemleri<\/li>\n<\/ul>\n<h3 style=\"text-align: center;\"><strong>Ev G\u00fcvenlik Sistemleri<\/strong><\/h3>\n<p>Ev g\u00fcvenlik sistemleri g\u00fcn\u00fcm\u00fczde olmazsa olmaz bir ihtiya\u00e7t\u0131r. Evimizi d\u0131\u015far\u0131dan veya i\u00e7eriden gelebilecek olan her t\u00fcrl\u00fc tehlikeye kar\u015f\u0131 g\u00fcvenlik sistemleri ile korumam\u0131z gerekir. G\u00fcvenlik sistemleri kullan\u0131lan evlerde maddi ve manevi anlamda kay\u0131p ya\u015fanma olas\u0131l\u0131\u011f\u0131 olduk\u00e7a azd\u0131r. G\u00fcvenlik sistemleri kullanarak evinizi bir\u00e7ok tehlikeye kar\u015f\u0131 kolayl\u0131kla koruyabilirsiniz.<\/p>\n<p>H\u0131rs\u0131zl\u0131k g\u00fcvenlik sistemleri kullan\u0131lmas\u0131n\u0131n ana nedeni olsa da evinizde kar\u015f\u0131la\u015fabilece\u011finiz riskler bundan \u00e7ok daha fazlas\u0131d\u0131r. G\u00fcvenlik sistemleri sat\u0131n ald\u0131\u011f\u0131n\u0131zda kapsam\u0131 geni\u015f olan bir se\u00e7im yaparsan\u0131z, evinizi gaz ka\u00e7a\u011f\u0131 ve yang\u0131n riskine kar\u015f\u0131 da korumu\u015f olursunuz. Evinizde bulunan\u00a0yang\u0131n alarm sistemleri\u00a0sayesinde evinizdeki duman tehlikeli bir seviyeye ula\u015ft\u0131\u011f\u0131nda uyar\u0131l\u0131rs\u0131n\u0131z. G\u00fcvenlik sistemleri, ev kazalar\u0131n\u0131n \u00f6nlenmesinde b\u00fcy\u00fck bir rol oynamaktad\u0131r.<\/p>\n<p>G\u00fcvenlik sistemleri \u00f6zellikle \u00e7al\u0131\u015fan anne ve babalar taraf\u0131ndan muhakkak kullan\u0131lmal\u0131d\u0131r. \u00c7ocu\u011funuz evde tek ba\u015f\u0131na oldu\u011fu zamanlarda tehlikelere kar\u015f\u0131 son derece savunmas\u0131zd\u0131r. Gaz ka\u00e7a\u011f\u0131 veya yang\u0131n gibi olumsuz durumlar ya\u015fand\u0131\u011f\u0131nda an\u0131nda haberdar olup \u00f6nlem almak hayat kurtar\u0131c\u0131 bir roldedir. Bir di\u011fer yandan \u00e7ocu\u011funuzun evde neler yapt\u0131\u011f\u0131n\u0131 g\u00fcvenlik kamera sistemleri sayesinde kolayca takip edebilir ve onu b\u00fct\u00fcn tehlikelere kar\u015f\u0131 kolayca koruyabilirsiniz.<\/p>\n<h3 style=\"text-align: center;\"><strong>Ev G\u00fcvenlik Sistemleri Fiyatlar\u0131 Ne Kadar?<\/strong><\/h3>\n<p>Ev g\u00fcvenlik sistemleri fiyatlar\u0131 sat\u0131n alaca\u011f\u0131n\u0131z hizmete ve markaya g\u00f6re farkl\u0131l\u0131k g\u00f6stermektedir. Evinizde yaln\u0131zca kameral\u0131 g\u00fcvenlik sistemleri kullanmay\u0131 tercih ederseniz \u00f6deyece\u011finiz fiyat, tam donan\u0131ml\u0131 g\u00fcvenlik sistemleri hizmetine k\u0131yasla daha uygun fiyatl\u0131 olacakt\u0131r. Evinize yaln\u0131zca kameral\u0131 g\u00fcvenlik sistemi alabilece\u011finiz gibi sadece yang\u0131n alarm sistemleri de alabilirsiniz. Sat\u0131n alaca\u011f\u0131n\u0131z hizmetin t\u00fcr\u00fc g\u00fcvenlik sistemleri i\u00e7in \u00f6deyece\u011finiz fiyat\u0131n de\u011fi\u015fiklik g\u00f6stermesine de neden olacakt\u0131r.<\/p>\n<h3 style=\"text-align: center;\"><strong>G\u00fcvenlik Kamera Sistemleri<\/strong><\/h3>\n<p>G\u00fcvenlik sistemleri dendi\u011finde herkesin akl\u0131na ilk olarak g\u00fcvenlik kameras\u0131 gelmektedir. G\u00fcvenlik kamera sistemleri hakk\u0131nda bilgi sahibi olmak ev ve ofislerinizi korumada size yard\u0131mc\u0131 olacakt\u0131r.<\/p>\n<p>G\u00fcvenlik kameralar\u0131 uzun s\u00fcredir kullan\u0131lan ara\u00e7lard\u0131r. Bu ara\u00e7lar sayesinde g\u00fcvenlik kameras\u0131 takt\u0131rd\u0131\u011f\u0131n\u0131z yerde neler olup bitti\u011fini kolayca \u00f6\u011frenebilirsiniz. G\u00fcvenlik kameralar\u0131n\u0131n ilk i\u015flevi olan biteni kaydetmektir. Meydana gelebilecek olan h\u0131rs\u0131zl\u0131k gibi olaylarda ne olup bitti\u011fini kolayca \u00f6\u011frenirsiniz. G\u00fcvenlik kameralar\u0131 ayn\u0131 zamanda anl\u0131k olarak g\u00f6r\u00fcnt\u00fc aktard\u0131\u011f\u0131 i\u00e7in olaylara an\u0131nda m\u00fcdahale etme \u015fans\u0131na sahip olursunuz. Ki\u015fi alg\u0131lama sens\u00f6rl\u00fc g\u00fcvenlik kameralar\u0131, evinize veya i\u015fyerinize biri geldi\u011finde size uyar\u0131 verir.<\/p>\n<p>G\u00fcvenlik kameras\u0131 olan g\u00fcvenlik sistemleri sat\u0131n al\u0131nmas\u0131n\u0131n en \u00f6nemli nedeni, kamera kay\u0131tlar\u0131n\u0131n birinci derece kan\u0131t olarak kullan\u0131labilmesidir. Evinizde veya ofisinizde adli bir olay ya\u015fand\u0131\u011f\u0131nda bu kan\u0131tlar\u0131 sunabilirsiniz. G\u00fcvenlik kameralar\u0131n\u0131n, kay\u0131t tutma \u00f6zelli\u011fi bu nedenle hayat kurtar\u0131c\u0131 niteliktedir.<\/p>\n<p>G\u00fcvenlik sistemleri kullanman\u0131n en b\u00fcy\u00fck avantajlar\u0131ndan biri de su\u00e7a kar\u015f\u0131 cayd\u0131r\u0131c\u0131 olmalar\u0131d\u0131r. Bir i\u015fyerinde veya evde g\u00fcvenlik kameras\u0131 oldu\u011fu bilinirse, su\u00e7a meyilli olan ki\u015fi, sizin evinizden veya i\u015fyerinizden uzak duracakt\u0131r.<\/p>\n<h3 style=\"text-align: center;\"><strong>G\u00fcvenlik Kamera Sistemleri Fiyatlar\u0131 Ne Kadar?<\/strong><\/h3>\n<p>G\u00fcvenlik kamera sistemleri fiyatlar\u0131 elbette en fazla merak edilen konudur. G\u00fcvenlik kamera sistemlerinin fiyatlar\u0131 bir\u00e7ok etkene ba\u011fl\u0131 olarak farkl\u0131l\u0131k g\u00f6sterir.<\/p>\n<ul>\n<li>G\u00fcvenlik kamera sisteminin markas\u0131<\/li>\n<li>G\u00fcvenlik kameras\u0131n\u0131n hangi \u00e7\u00f6z\u00fcn\u00fcrl\u00fckte kay\u0131t yapt\u0131\u011f\u0131<\/li>\n<li>Uyar\u0131 sisteminin olup olmamas\u0131<\/li>\n<li>Renkli veya siyah- beyaz \u00e7ekim yap\u0131yor olmas\u0131<\/li>\n<li>Ne kadar s\u00fcre kay\u0131tlar\u0131 saklayacak haf\u0131zaya sahip oldu\u011fu<\/li>\n<\/ul>\n<p>G\u00fcvenlik kamera sistemleri fiyatlar\u0131n\u0131 do\u011frudan etkilemektedir. Piyasada g\u00fcvenlik sistemleri hizmeti sunan bir\u00e7ok firma vard\u0131r; almak istedi\u011finiz hizmete ba\u011fl\u0131 olarak fiyatlar geni\u015f bir yelpazede uzanmaktad\u0131r. Ancak unutmamak gerekir ki g\u00fcvenlik sistemleri kullanarak kendinizi daha b\u00fcy\u00fck masraflardan kurtar\u0131rs\u0131n\u0131z.<\/p>\n<h3 style=\"text-align: center;\"><strong>G\u00fcvenlik Alarm Sistemleri<\/strong><\/h3>\n<p>G\u00fcvenlik alarm sistemleri dendi\u011finde akla ilk olarak h\u0131rs\u0131zl\u0131k alarm sistemi gelmektedir. G\u00fcvenlik sistemleri elbette bundan daha fazlas\u0131d\u0131r. G\u00fcvenlik alarm sistemleri, hayatta ba\u015f\u0131m\u0131za gelebilecek olan her t\u00fcrl\u00fc tehlikeye kar\u015f\u0131 bizi korumaktad\u0131r.<\/p>\n<ul>\n<li>H\u0131rs\u0131zl\u0131k alarmlar\u0131<\/li>\n<li>Yang\u0131n alarm\u0131<\/li>\n<li>Gaz ka\u00e7a\u011f\u0131 alarm\u0131<\/li>\n<li>Su bask\u0131n\u0131 alarm\u0131<\/li>\n<li>Panik butonu alarm\u0131<\/li>\n<\/ul>\n<p>G\u00fcvenlik sistemleri unsurlar\u0131 aras\u0131nda yer al\u0131r. Evinize veya ofisinize h\u0131rs\u0131zl\u0131k alarm\u0131 takt\u0131rd\u0131\u011f\u0131n\u0131zda, bu mekanlara yabanc\u0131 biri girdi\u011finde an\u0131nda size uyar\u0131 gelir. Size gelen uyar\u0131 sayesinde maddi kay\u0131ptan kolayl\u0131kla kurtulur ve olaya an\u0131nda m\u00fcdahale edebilirsiniz.<\/p>\n<p>Ev kazalar\u0131 elbette ki hepimizin korkulu r\u00fcyas\u0131 aras\u0131ndad\u0131r. Ev veya ofislerinizde bu kazalara kar\u015f\u0131 \u00f6nlem almak i\u00e7in muhakkak g\u00fcvenlik sistemleri kullanman\u0131z gerekir. Bu g\u00fcvenlik sistemleri sayesinde ev veya ofislerde olmad\u0131\u011f\u0131n\u0131z zamanlarda g\u00f6z\u00fcn\u00fcz arkada kalmaz.<\/p>\n<p>Panik butonu alarm\u0131 son zamanlarda sat\u0131n al\u0131m\u0131 artan g\u00fcvenlik sistemleri aras\u0131nda yer almaktad\u0131r. Evde \u00e7ocu\u011funuz, ya\u015fl\u0131 bir yak\u0131n\u0131n\u0131z veya yard\u0131ma ihtiyac\u0131 olan birileri varsa size kolayca ula\u015fmalar\u0131n\u0131 sa\u011flars\u0131n\u0131z. Bir di\u011fer yandan, \u00e7al\u0131\u015fanlar\u0131n\u0131zdan biri i\u015fyerinizde tehlikeli bir durum oldu\u011funda \u00f6nce size ard\u0131ndan da acil yard\u0131m servislerine panik butonu alarm\u0131 sayesinde kolayl\u0131kla bilgi verebilir.<\/p>\n<p><strong>Elektronik G\u00fcvenlik Sistemleri<\/strong><\/p>\n<p>Elektronik g\u00fcvenlik sistemleri, i\u015fyeri sahipleri taraf\u0131ndan kullan\u0131lmaktad\u0131r. G\u00fcvenlik sistemleri kullanan i\u015fyerlerinde maddi ve manevi hasarlar en aza indirgenir. \u0130\u015fyerinde sat\u0131lan \u00fcr\u00fcnlerin \u00fczerine yerle\u015ftirilen alarmlar ve anons uyar\u0131 sistemleri, elektronik g\u00fcvenlik sistemleridir. \u0130\u015fyerinde g\u00fcvenlik sistemleri kullanarak h\u0131rs\u0131zl\u0131\u011f\u0131n \u00f6n\u00fcne kolayca ge\u00e7ebilirsiniz.<\/p>\n<h3 style=\"text-align: center;\"><strong>Kap\u0131 G\u00fcvenlik Sistemleri<\/strong><\/h3>\n<p>Ev ve i\u015fyerlerinizdeki g\u00fcvenli\u011fi, kap\u0131 g\u00fcvenlik sistemleri sayesinde kolayl\u0131kla artt\u0131rabilirsiniz. Kap\u0131 g\u00fcvenlik sistemleri yaln\u0131zca alarm uyar\u0131s\u0131n\u0131 kapsamaz. Ev ve i\u015fyerlerinize giren ki\u015filerin kontrol\u00fc g\u00fcvenlik sistemleri ile artt\u0131rabilirsiniz.<\/p>\n<ul>\n<li>\u0130ris tan\u0131ma<\/li>\n<li>Kap\u0131 \u015fifreleme<\/li>\n<li>Parmak izi tan\u0131ma<\/li>\n<li>Y\u00fcz tan\u0131ma<\/li>\n<\/ul>\n<p>Kap\u0131 g\u00fcvenlik sistemlerinin \u00e7e\u015fitleridir. Ev veya ofise giren ki\u015filerin \u00f6zelliklerini sisteme tan\u0131mlad\u0131\u011f\u0131n\u0131zda, g\u00fcvenlik sistemleri sayesinde kontrol\u00fc daima elinizde tutars\u0131n\u0131z.<\/p>\n<h3 style=\"text-align: center;\"><strong>Ara\u00e7 G\u00fcvenlik Sistemleri<\/strong><\/h3>\n<p>Ara\u00e7 g\u00fcvenlik sistemleri araba sahibi olan ki\u015filer i\u00e7in hayat kurtar\u0131c\u0131 niteliktedir. Araba g\u00fcvenlik sistemleri dendi\u011finde, konuyu yaln\u0131zca ara\u00e7 alarm\u0131 ile s\u0131n\u0131rland\u0131rmamak gerekir. T\u0131pk\u0131 ev ve i\u015fyerlerinizde kulland\u0131\u011f\u0131n\u0131z g\u00fcvenlik sistemleri gibi ara\u00e7lar\u0131n\u0131zda da olan biteni, ara\u00e7 g\u00fcvenlik sistemleri sayesinde takip edebilirsiniz. Ara\u00e7lar\u0131n\u0131z\u0131 h\u0131rs\u0131zl\u0131k riskine kar\u015f\u0131 alarm g\u00fcvenli\u011fi ile koruyabilirsiniz. Piyasada hizmet veren bir\u00e7ok firma, ara\u00e7lar\u0131n\u0131za yerle\u015ftirilen kameralar sayesinde g\u00fcvenli\u011finizi sa\u011flama hizmeti de sunmaktad\u0131r. Bu hizmet, arac\u0131n\u0131zda herhangi bir kaza ya\u015fand\u0131\u011f\u0131nda olanlar\u0131 adli birimlere kan\u0131tlaman\u0131zda yard\u0131mc\u0131 olur.<\/p>\n<h3 style=\"text-align: center;\"><strong>En \u00c7ok Bilinen G\u00fcvenlik Sistemleri Firmalar\u0131 Hangileridir?<\/strong><\/h3>\n<p>G\u00fcvenlik sistemleri sat\u0131n al\u0131rken g\u00fcvenlik sistemleri firmalar\u0131 aras\u0131nda bir se\u00e7im yapman\u0131z gerekmektedir. G\u00fcvenlik sistemleri sat\u0131n al\u0131rken markalar\u0131n verdi\u011fi hizmetlerin neler oldu\u011fu konusunda bilgi sahibi olman\u0131z gerekir.<\/p>\n<p>Ev ve ofis g\u00fcvenlik sistemi alan\u0131nda hizmet veren markalar, g\u00fcvenlikli kameralar ile kontrol\u00fc daima elinizde tutman\u0131z\u0131 sa\u011flar. T\u00fcketici taraf\u0131ndan s\u0131kl\u0131kla tercih edilen markalar \u015fu \u015fekilde s\u0131ralanabilir:<\/p>\n<ul>\n<li>Ahdip,<\/li>\n<li>Hikvision,<\/li>\n<li>Dahua,<\/li>\n<li>Hikvision,<\/li>\n<li>Beylerbeyi,<\/li>\n<li>Retro,<\/li>\n<li>Samsung<\/li>\n<\/ul>\n<p>Yang\u0131n ve gaz alarm\u0131 konusunda \u00e7\u00f6z\u00fcm sunan, t\u00fcketici taraf\u0131ndan takdir toplayan markalar ise \u015fu \u015fekilde s\u0131ralanabilir:<\/p>\n<ul>\n<li>Teknim,<\/li>\n<li>Morley by Honeywell,<\/li>\n<li>Gent by Honeywell,<\/li>\n<li>Notifier,<\/li>\n<li>UTC Kilsen,<\/li>\n<li>C-Tec,<\/li>\n<li>Kentec<\/li>\n<li>Honeywell,<\/li>\n<li>E2S,<\/li>\n<li>KAC,<\/li>\n<li>Siemens Cerberus<\/li>\n<\/ul>\n<p>Kap\u0131 g\u00fcvenli\u011fi ve elektronik g\u00fcvenlik sistemleri hizmeti sunan markalar:<\/p>\n<ul>\n<li>Honeywell,<\/li>\n<li>UTC Interlogix,<\/li>\n<li>HID,<\/li>\n<li>Virdi,<\/li>\n<li>Rosslare,<\/li>\n<li>ZKTeco,<\/li>\n<li>Meyer,<\/li>\n<li>Magic Pass<\/li>\n<\/ul>\n<\/div>\n<\/div>\n<\/div>\n<div id=\"pgc-1010-0-1\" class=\"panel-grid-cell\" data-weight=\"0.5\">\n<div id=\"panel-1010-0-1-0\" class=\"so-panel widget widget_black-studio-tinymce widget_black_studio_tinymce panel-first-child panel-last-child\" data-index=\"1\" data-style=\"{&quot;background_image_attachment&quot;:false,&quot;background_display&quot;:&quot;tile&quot;,&quot;featured_widgets&quot;:&quot;&quot;,&quot;bigger_title&quot;:&quot;&quot;}\">\n<div class=\"textwidget\"><img loading=\"lazy\" decoding=\"async\" class=\"size-medium wp-image-1512 aligncenter\" src=\"https:\/\/aylinelektronik.com\/aylin\/wp-content\/uploads\/2022\/10\/guvenlik-sistemleri-nelerdir-4-300x200.jpg\" alt=\"\" width=\"300\" height=\"200\" srcset=\"https:\/\/aylinelektronik.com\/aylin\/wp-content\/uploads\/2022\/10\/guvenlik-sistemleri-nelerdir-4-300x200.jpg 300w, https:\/\/aylinelektronik.com\/aylin\/wp-content\/uploads\/2022\/10\/guvenlik-sistemleri-nelerdir-4-768x512.jpg 768w, https:\/\/aylinelektronik.com\/aylin\/wp-content\/uploads\/2022\/10\/guvenlik-sistemleri-nelerdir-4.jpg 1000w\" sizes=\"auto, (max-width: 300px) 100vw, 300px\" \/>\n<\/div>\n<\/div>\n<\/div>\n<\/div>\n<\/div>\n","protected":false},"excerpt":{"rendered":"<p>G\u00fcvenlik Sistemleri \u00c7e\u015fitleri Nelerdir?<br \/>\nG\u00fcvenlik sistemleri hayat\u0131m\u0131z\u0131n her alan\u0131nda bizleri koruyacak kadar \u00e7ok \u00e7e\u015fittedir&#8230;<\/p>\n","protected":false},"author":1,"featured_media":874,"parent":76,"menu_order":0,"comment_status":"closed","ping_status":"closed","template":"","meta":{"om_disable_all_campaigns":false,"_monsterinsights_skip_tracking":false,"_monsterinsights_sitenote_active":false,"_monsterinsights_sitenote_note":"","_monsterinsights_sitenote_category":0,"footnotes":""},"class_list":["post-1010","page","type-page","status-publish","has-post-thumbnail","hentry"],"aioseo_notices":[],"_links":{"self":[{"href":"https:\/\/aylinelektronik.com\/aylin\/wp-json\/wp\/v2\/pages\/1010","targetHints":{"allow":["GET"]}}],"collection":[{"href":"https:\/\/aylinelektronik.com\/aylin\/wp-json\/wp\/v2\/pages"}],"about":[{"href":"https:\/\/aylinelektronik.com\/aylin\/wp-json\/wp\/v2\/types\/page"}],"author":[{"embeddable":true,"href":"https:\/\/aylinelektronik.com\/aylin\/wp-json\/wp\/v2\/users\/1"}],"replies":[{"embeddable":true,"href":"https:\/\/aylinelektronik.com\/aylin\/wp-json\/wp\/v2\/comments?post=1010"}],"version-history":[{"count":2,"href":"https:\/\/aylinelektronik.com\/aylin\/wp-json\/wp\/v2\/pages\/1010\/revisions"}],"predecessor-version":[{"id":1519,"href":"https:\/\/aylinelektronik.com\/aylin\/wp-json\/wp\/v2\/pages\/1010\/revisions\/1519"}],"up":[{"embeddable":true,"href":"https:\/\/aylinelektronik.com\/aylin\/wp-json\/wp\/v2\/pages\/76"}],"wp:featuredmedia":[{"embeddable":true,"href":"https:\/\/aylinelektronik.com\/aylin\/wp-json\/"}],"wp:attachment":[{"href":"https:\/\/aylinelektronik.com\/aylin\/wp-json\/wp\/v2\/media?parent=1010"}],"curies":[{"name":"wp","href":"https:\/\/api.w.org\/{rel}","templated":true}]}}