{"id":1009,"date":"2021-04-23T12:38:18","date_gmt":"2021-04-23T09:38:18","guid":{"rendered":"https:\/\/xml-io.proteusthemes.com\/cargopress\/?page_id=99"},"modified":"2022-10-28T13:03:25","modified_gmt":"2022-10-28T13:03:25","slug":"uydu-santral-sistemleri-aylinelektronikburdur","status":"publish","type":"page","link":"https:\/\/aylinelektronik.com\/aylin\/hizmetlerimiz\/uydu-santral-sistemleri-aylinelektronikburdur\/","title":{"rendered":"Uydu Santral Sistemleri"},"content":{"rendered":"<div id=\"pl-1009\" class=\"panel-layout\">\n<div id=\"pg-1009-0\" class=\"panel-grid panel-no-style\">\n<div id=\"pgc-1009-0-0\" class=\"panel-grid-cell\" data-weight=\"0.5\">\n<div id=\"panel-1009-0-0-0\" class=\"so-panel widget widget_black-studio-tinymce widget_black_studio_tinymce panel-first-child panel-last-child\" data-index=\"0\" data-style=\"{&quot;background_image_attachment&quot;:false,&quot;background_display&quot;:&quot;tile&quot;,&quot;featured_widgets&quot;:&quot;&quot;,&quot;bigger_title&quot;:&quot;&quot;}\">\n<div class=\"textwidget\">\n<div class=\"page\">\n<div class=\"container\">\n<div class=\"content\">\n<div class=\"col-md-9\">\n<p><img loading=\"lazy\" decoding=\"async\" class=\"alignnone  wp-image-1534\" src=\"https:\/\/aylinelektronik.com\/aylin\/wp-content\/uploads\/2022\/10\/nextsantral.jpg\" alt=\"\" width=\"359\" height=\"299\" srcset=\"https:\/\/aylinelektronik.com\/aylin\/wp-content\/uploads\/2022\/10\/nextsantral.jpg 560w, https:\/\/aylinelektronik.com\/aylin\/wp-content\/uploads\/2022\/10\/nextsantral-300x250.jpg 300w\" sizes=\"auto, (max-width: 359px) 100vw, 359px\" \/><\/p>\n<p>Aylin Elektronik Burdur<\/p>\n<p>Uydu Santral Sistemleri Bak\u0131m Montaj ve Ar\u0131zas\u0131n\u0131 Yapmaktay\u0131z.<\/p>\n<\/div>\n<\/div>\n<\/div>\n<\/div>\n<\/div>\n<\/div>\n<\/div>\n<div id=\"pgc-1009-0-1\" class=\"panel-grid-cell\" data-weight=\"0.5\">\n<div id=\"panel-1009-0-1-0\" class=\"so-panel widget widget_black-studio-tinymce widget_black_studio_tinymce panel-first-child panel-last-child\" data-index=\"1\" data-style=\"{&quot;background_image_attachment&quot;:false,&quot;background_display&quot;:&quot;tile&quot;,&quot;featured_widgets&quot;:&quot;&quot;,&quot;bigger_title&quot;:&quot;&quot;}\">\n<div class=\"textwidget\">\n<p><img loading=\"lazy\" decoding=\"async\" class=\"alignnone size-full wp-image-1536\" src=\"https:\/\/aylinelektronik.com\/aylin\/wp-content\/uploads\/2022\/10\/fc9a322e-869d-4735-84e7-8dc8bf961154.jpg\" alt=\"\" width=\"360\" height=\"240\" srcset=\"https:\/\/aylinelektronik.com\/aylin\/wp-content\/uploads\/2022\/10\/fc9a322e-869d-4735-84e7-8dc8bf961154.jpg 360w, https:\/\/aylinelektronik.com\/aylin\/wp-content\/uploads\/2022\/10\/fc9a322e-869d-4735-84e7-8dc8bf961154-300x200.jpg 300w\" sizes=\"auto, (max-width: 360px) 100vw, 360px\" \/><\/p>\n<\/div>\n<\/div>\n<\/div>\n<\/div>\n<\/div>\n","protected":false},"excerpt":{"rendered":"<p>Uydu Santral Sistemleri Montaj ve Ar\u0131zas\u0131n\u0131 Yapmaktay\u0131z.<\/p>\n","protected":false},"author":1,"featured_media":827,"parent":76,"menu_order":0,"comment_status":"closed","ping_status":"closed","template":"","meta":{"om_disable_all_campaigns":false,"_monsterinsights_skip_tracking":false,"_monsterinsights_sitenote_active":false,"_monsterinsights_sitenote_note":"","_monsterinsights_sitenote_category":0,"footnotes":""},"class_list":["post-1009","page","type-page","status-publish","has-post-thumbnail","hentry"],"aioseo_notices":[],"_links":{"self":[{"href":"https:\/\/aylinelektronik.com\/aylin\/wp-json\/wp\/v2\/pages\/1009","targetHints":{"allow":["GET"]}}],"collection":[{"href":"https:\/\/aylinelektronik.com\/aylin\/wp-json\/wp\/v2\/pages"}],"about":[{"href":"https:\/\/aylinelektronik.com\/aylin\/wp-json\/wp\/v2\/types\/page"}],"author":[{"embeddable":true,"href":"https:\/\/aylinelektronik.com\/aylin\/wp-json\/wp\/v2\/users\/1"}],"replies":[{"embeddable":true,"href":"https:\/\/aylinelektronik.com\/aylin\/wp-json\/wp\/v2\/comments?post=1009"}],"version-history":[{"count":2,"href":"https:\/\/aylinelektronik.com\/aylin\/wp-json\/wp\/v2\/pages\/1009\/revisions"}],"predecessor-version":[{"id":1537,"href":"https:\/\/aylinelektronik.com\/aylin\/wp-json\/wp\/v2\/pages\/1009\/revisions\/1537"}],"up":[{"embeddable":true,"href":"https:\/\/aylinelektronik.com\/aylin\/wp-json\/wp\/v2\/pages\/76"}],"wp:featuredmedia":[{"embeddable":true,"href":"https:\/\/aylinelektronik.com\/aylin\/wp-json\/"}],"wp:attachment":[{"href":"https:\/\/aylinelektronik.com\/aylin\/wp-json\/wp\/v2\/media?parent=1009"}],"curies":[{"name":"wp","href":"https:\/\/api.w.org\/{rel}","templated":true}]}}