{"id":1008,"date":"2021-04-23T12:33:55","date_gmt":"2021-04-23T09:33:55","guid":{"rendered":"https:\/\/xml-io.proteusthemes.com\/cargopress\/?page_id=97"},"modified":"2024-11-22T08:54:09","modified_gmt":"2024-11-22T08:54:09","slug":"sifreli-gecis-sistemleri","status":"publish","type":"page","link":"https:\/\/aylinelektronik.com\/aylin\/hizmetlerimiz\/sifreli-gecis-sistemleri\/","title":{"rendered":"\u015eifreli Ge\u00e7i\u015f Sistemleri"},"content":{"rendered":"<p style=\"text-align: center;\">\u0130\u00e7 ve d\u0131\u015f mek\u00e2nlarda, Apartman bina giri\u015fi veya ki\u015fisel kap\u0131n\u0131z i\u00e7in tekli veya \u00e7oklu (Proximity kart ve\/veya \u015fifreli) kullan\u0131ma uygun olan Ge\u00e7i\u015f Kontrol \u00dcnitesi ve Donan\u0131mlar\u0131. Proximity kart ile \u015fifre farkl\u0131 sorumlulara verilebilece\u011fi i\u00e7in y\u00fcksek g\u00fcvenlik gerektiren mek\u00e2nlarda ikili koruma sa\u011flanabilen sistemlerin sat\u0131\u015f\u0131n\u0131 ve montaj\u0131n\u0131 sizler iin yapmaktay\u0131z.<\/p>\n<p><img loading=\"lazy\" decoding=\"async\" class=\"alignnone size-medium wp-image-1596 aligncenter\" src=\"https:\/\/aylinelektronik.com\/aylin\/wp-content\/uploads\/2024\/11\/gecis-sifre-300x300.png\" alt=\"\" width=\"300\" height=\"300\" srcset=\"https:\/\/aylinelektronik.com\/aylin\/wp-content\/uploads\/2024\/11\/gecis-sifre-300x300.png 300w, https:\/\/aylinelektronik.com\/aylin\/wp-content\/uploads\/2024\/11\/gecis-sifre-1024x1024.png 1024w, https:\/\/aylinelektronik.com\/aylin\/wp-content\/uploads\/2024\/11\/gecis-sifre-150x150.png 150w, https:\/\/aylinelektronik.com\/aylin\/wp-content\/uploads\/2024\/11\/gecis-sifre-768x768.png 768w, https:\/\/aylinelektronik.com\/aylin\/wp-content\/uploads\/2024\/11\/gecis-sifre.png 1500w\" sizes=\"auto, (max-width: 300px) 100vw, 300px\" \/><\/p>\n","protected":false},"excerpt":{"rendered":"<p>Teknoloji g\u00fcn ge\u00e7tik\u00e7e geli\u015fmekte ve yay\u0131lmaktad\u0131r. Bununla birlikte teknolojik aletler de farkl\u0131 ihtiya\u00e7lar\u0131 kar\u015f\u0131lamak i\u00e7in geli\u015ftirilmektedir. Ge\u00e7mi\u015fte bu aletler say\u0131l\u0131 iken, g\u00fcn\u00fcm\u00fczde bu say\u0131 olduk\u00e7a fazla oranlardad\u0131r. \u0130nternet kullan\u0131m alan\u0131n\u0131n artmas\u0131 ile \u00f6zellikle PC kullan\u0131m\u0131 h\u0131zla yay\u0131lmaktad\u0131r. G\u00fcn\u00fcm\u00fczde internet evlerde, i\u015f yerlerinde, okullarda ve do\u011fal olarak insanlar\u0131n ya\u015fad\u0131klar\u0131 her yerde kullan\u0131lmaktad\u0131r. Bu nedenle PC kullan\u0131m\u0131 da internet kadar her yere yay\u0131lm\u0131\u015f durumdad\u0131r. PC de di\u011fer teknolojik aletler gibi; zaman zaman bozulmalara neden olabilmektedir.<\/p>\n<p>Pc\u2019 nin i\u00e7 ya da d\u0131\u015f par\u00e7alar\u0131n\u0131n veya sisteminin bozulmas\u0131 durumunda, bu bozulmay\u0131 ortadan kald\u0131rarak eski haline getirme i\u015flemine PC onar\u0131m\u0131 denilmektedir. Bir\u00e7ok firma bu bozulmalar i\u00e7in ge\u00e7ici onar\u0131m i\u015flemleri yaparak kullan\u0131c\u0131ya sunmaktad\u0131r. Ancak en k\u0131sa zamanda bu bozulma tekrar ya\u015fanmaktad\u0131r ve pc nin i\u00e7 durumuna yanl\u0131\u015f etki ile daha b\u00fcy\u00fck sorunlar ya\u015fatmaktad\u0131r. Hasar\u0131n boyutuna g\u00f6re pc bozularak tamamen kullan\u0131m d\u0131\u015f\u0131 da olabilmektedir. \u0130\u015fte burada pc onar\u0131m uygulamalar\u0131n\u0131n \u00f6nemi ortaya \u00e7\u0131kmaktad\u0131r. Bu uygulamalar\u0131n bilen ki\u015filer taraf\u0131ndan yap\u0131lmas\u0131, ilerleyen zamanlardaki bozulmalar\u0131 engellemektedir.<\/p>\n","protected":false},"author":1,"featured_media":832,"parent":76,"menu_order":0,"comment_status":"closed","ping_status":"closed","template":"","meta":{"om_disable_all_campaigns":false,"_monsterinsights_skip_tracking":false,"_monsterinsights_sitenote_active":false,"_monsterinsights_sitenote_note":"","_monsterinsights_sitenote_category":0,"footnotes":""},"class_list":["post-1008","page","type-page","status-publish","has-post-thumbnail","hentry"],"aioseo_notices":[],"_links":{"self":[{"href":"https:\/\/aylinelektronik.com\/aylin\/wp-json\/wp\/v2\/pages\/1008","targetHints":{"allow":["GET"]}}],"collection":[{"href":"https:\/\/aylinelektronik.com\/aylin\/wp-json\/wp\/v2\/pages"}],"about":[{"href":"https:\/\/aylinelektronik.com\/aylin\/wp-json\/wp\/v2\/types\/page"}],"author":[{"embeddable":true,"href":"https:\/\/aylinelektronik.com\/aylin\/wp-json\/wp\/v2\/users\/1"}],"replies":[{"embeddable":true,"href":"https:\/\/aylinelektronik.com\/aylin\/wp-json\/wp\/v2\/comments?post=1008"}],"version-history":[{"count":3,"href":"https:\/\/aylinelektronik.com\/aylin\/wp-json\/wp\/v2\/pages\/1008\/revisions"}],"predecessor-version":[{"id":1597,"href":"https:\/\/aylinelektronik.com\/aylin\/wp-json\/wp\/v2\/pages\/1008\/revisions\/1597"}],"up":[{"embeddable":true,"href":"https:\/\/aylinelektronik.com\/aylin\/wp-json\/wp\/v2\/pages\/76"}],"wp:featuredmedia":[{"embeddable":true,"href":"https:\/\/aylinelektronik.com\/aylin\/wp-json\/"}],"wp:attachment":[{"href":"https:\/\/aylinelektronik.com\/aylin\/wp-json\/wp\/v2\/media?parent=1008"}],"curies":[{"name":"wp","href":"https:\/\/api.w.org\/{rel}","templated":true}]}}