{"id":1007,"date":"2015-04-23T12:32:53","date_gmt":"2015-04-23T09:32:53","guid":{"rendered":"https:\/\/xml-io.proteusthemes.com\/cargopress\/?page_id=95"},"modified":"2022-10-28T12:53:55","modified_gmt":"2022-10-28T12:53:55","slug":"oto-anfi-bakim-onarim-aylinelektronikburdur","status":"publish","type":"page","link":"https:\/\/aylinelektronik.com\/aylin\/hizmetlerimiz\/oto-anfi-bakim-onarim-aylinelektronikburdur\/","title":{"rendered":"Oto Amfi Bak\u0131m Onar\u0131m"},"content":{"rendered":"<div id=\"pl-1007\" class=\"panel-layout\">\n<div id=\"pg-1007-0\" class=\"panel-grid panel-no-style\">\n<div id=\"pgc-1007-0-0\" class=\"panel-grid-cell\" data-weight=\"0.5\">\n<div id=\"panel-1007-0-0-0\" class=\"so-panel widget widget_black-studio-tinymce widget_black_studio_tinymce panel-first-child panel-last-child\" data-index=\"0\" data-style=\"{&quot;background_image_attachment&quot;:false,&quot;background_display&quot;:&quot;tile&quot;,&quot;featured_widgets&quot;:&quot;&quot;,&quot;bigger_title&quot;:&quot;&quot;}\">\n<div class=\"textwidget\">\n<div class=\"baslik\">\n<div class=\"page\">\n<div class=\"container\">\n<div class=\"content\">\n<div class=\"col-md-9\">\n<p>Her Marka Oto Amfilerin Bak\u0131m Onar\u0131m\u0131n\u0131 Servisimizde yapmaktay\u0131z.<\/p>\n<\/div>\n<\/div>\n<\/div>\n<\/div>\n<\/div>\n<\/div>\n<\/div>\n<\/div>\n<div id=\"pgc-1007-0-1\" class=\"panel-grid-cell\" data-weight=\"0.5\">\n<div id=\"panel-1007-0-1-0\" class=\"so-panel widget widget_black-studio-tinymce widget_black_studio_tinymce panel-first-child panel-last-child\" data-index=\"1\" data-style=\"{&quot;background_image_attachment&quot;:false,&quot;background_display&quot;:&quot;tile&quot;,&quot;featured_widgets&quot;:&quot;&quot;,&quot;bigger_title&quot;:&quot;&quot;}\">\n<div class=\"textwidget\"><img loading=\"lazy\" decoding=\"async\" class=\"size-medium wp-image-1515 alignleft\" src=\"https:\/\/aylinelektronik.com\/aylin\/wp-content\/uploads\/2022\/10\/aylinelektronik-tamir-300x200.jpg\" alt=\"\" width=\"300\" height=\"200\" srcset=\"https:\/\/aylinelektronik.com\/aylin\/wp-content\/uploads\/2022\/10\/aylinelektronik-tamir-300x200.jpg 300w, https:\/\/aylinelektronik.com\/aylin\/wp-content\/uploads\/2022\/10\/aylinelektronik-tamir.jpg 360w\" sizes=\"auto, (max-width: 300px) 100vw, 300px\" \/>\n<\/div>\n<\/div>\n<\/div>\n<\/div>\n<\/div>\n","protected":false},"excerpt":{"rendered":"<p>Her Marka Oto Amfilerin Bak\u0131m Onar\u0131m\u0131n\u0131 Servisimizde yapmaktay\u0131z.<\/p>\n","protected":false},"author":1,"featured_media":840,"parent":76,"menu_order":0,"comment_status":"closed","ping_status":"closed","template":"","meta":{"om_disable_all_campaigns":false,"_monsterinsights_skip_tracking":false,"_monsterinsights_sitenote_active":false,"_monsterinsights_sitenote_note":"","_monsterinsights_sitenote_category":0,"footnotes":""},"class_list":["post-1007","page","type-page","status-publish","has-post-thumbnail","hentry"],"aioseo_notices":[],"_links":{"self":[{"href":"https:\/\/aylinelektronik.com\/aylin\/wp-json\/wp\/v2\/pages\/1007","targetHints":{"allow":["GET"]}}],"collection":[{"href":"https:\/\/aylinelektronik.com\/aylin\/wp-json\/wp\/v2\/pages"}],"about":[{"href":"https:\/\/aylinelektronik.com\/aylin\/wp-json\/wp\/v2\/types\/page"}],"author":[{"embeddable":true,"href":"https:\/\/aylinelektronik.com\/aylin\/wp-json\/wp\/v2\/users\/1"}],"replies":[{"embeddable":true,"href":"https:\/\/aylinelektronik.com\/aylin\/wp-json\/wp\/v2\/comments?post=1007"}],"version-history":[{"count":1,"href":"https:\/\/aylinelektronik.com\/aylin\/wp-json\/wp\/v2\/pages\/1007\/revisions"}],"predecessor-version":[{"id":1525,"href":"https:\/\/aylinelektronik.com\/aylin\/wp-json\/wp\/v2\/pages\/1007\/revisions\/1525"}],"up":[{"embeddable":true,"href":"https:\/\/aylinelektronik.com\/aylin\/wp-json\/wp\/v2\/pages\/76"}],"wp:featuredmedia":[{"embeddable":true,"href":"https:\/\/aylinelektronik.com\/aylin\/wp-json\/"}],"wp:attachment":[{"href":"https:\/\/aylinelektronik.com\/aylin\/wp-json\/wp\/v2\/media?parent=1007"}],"curies":[{"name":"wp","href":"https:\/\/api.w.org\/{rel}","templated":true}]}}