{"id":1006,"date":"2021-04-23T12:31:54","date_gmt":"2021-04-23T09:31:54","guid":{"rendered":"https:\/\/xml-io.proteusthemes.com\/cargopress\/?page_id=93"},"modified":"2022-10-28T13:07:48","modified_gmt":"2022-10-28T13:07:48","slug":"elektrikli-cit-sistemleri-elektriklicitcihazi-aylinelektronikburdur","status":"publish","type":"page","link":"https:\/\/aylinelektronik.com\/aylin\/hizmetlerimiz\/elektrikli-cit-sistemleri-elektriklicitcihazi-aylinelektronikburdur\/","title":{"rendered":"Elektrikli \u00c7it Sistemleri"},"content":{"rendered":"<div id=\"pl-1006\" class=\"panel-layout\">\n<div id=\"pg-1006-0\" class=\"panel-grid panel-no-style\">\n<div id=\"pgc-1006-0-0\" class=\"panel-grid-cell\" data-weight=\"0.5\">\n<div id=\"panel-1006-0-0-0\" class=\"so-panel widget widget_black-studio-tinymce widget_black_studio_tinymce panel-first-child panel-last-child\" data-index=\"0\" data-style=\"{&quot;background_image_attachment&quot;:false,&quot;background_display&quot;:&quot;tile&quot;,&quot;featured_widgets&quot;:&quot;&quot;,&quot;bigger_title&quot;:&quot;&quot;}\">\n<div class=\"textwidget\">\n<ul>\n<li>Tarla \u00c7evresi<\/li>\n<li>M\u0131s\u0131r \u00c7evresi<\/li>\n<li>Yonca \u00c7evresi<\/li>\n<li>K\u00fc\u00e7\u00fck Ba\u015fa<\/li>\n<li>B\u00fcy\u00fck Ba\u015f Gezinme Yerlerine<\/li>\n<\/ul>\n<p>Yabani ve Vah\u015fi Hayvanlarda \u015eok Etkisi Olu\u015fturmak Amac\u0131yla Kesintili Y\u00fcksek Voltaj, Y\u00fcksek Ak\u0131m Sa\u011flayan Enerji Kayna\u011f\u0131d\u0131r.Yabani Hayvanlar\u0131n (Domuz, Ay\u0131, \u00c7akal Vb.) \u0130\u00e7eriye Girmesini ve \u00dcr\u00fcnlerinize Zarar Vermesini Engelleme Amac\u0131yla Kullan\u0131l\u0131r.<\/p>\n<\/div>\n<\/div>\n<\/div>\n<div id=\"pgc-1006-0-1\" class=\"panel-grid-cell\" data-weight=\"0.5\">\n<div id=\"panel-1006-0-1-0\" class=\"so-panel widget widget_black-studio-tinymce widget_black_studio_tinymce panel-first-child panel-last-child\" data-index=\"1\" data-style=\"{&quot;background_image_attachment&quot;:false,&quot;background_display&quot;:&quot;tile&quot;,&quot;featured_widgets&quot;:&quot;&quot;,&quot;bigger_title&quot;:&quot;&quot;}\">\n<div class=\"textwidget\"><img loading=\"lazy\" decoding=\"async\" class=\"alignnone size-full wp-image-1538\" src=\"https:\/\/aylinelektronik.com\/aylin\/wp-content\/uploads\/2022\/10\/a1-copymm_28.03.2019_cfa4a1a.jpg\" alt=\"\" width=\"360\" height=\"300\" srcset=\"https:\/\/aylinelektronik.com\/aylin\/wp-content\/uploads\/2022\/10\/a1-copymm_28.03.2019_cfa4a1a.jpg 360w, https:\/\/aylinelektronik.com\/aylin\/wp-content\/uploads\/2022\/10\/a1-copymm_28.03.2019_cfa4a1a-300x250.jpg 300w\" sizes=\"auto, (max-width: 360px) 100vw, 360px\" \/><br \/>\n<img loading=\"lazy\" decoding=\"async\" class=\"alignnone  wp-image-1540\" src=\"https:\/\/aylinelektronik.com\/aylin\/wp-content\/uploads\/2022\/10\/ana-sayfa-yaban-domuzu-yavrulari-1500x720-1.jpg\" alt=\"\" width=\"361\" height=\"173\" srcset=\"https:\/\/aylinelektronik.com\/aylin\/wp-content\/uploads\/2022\/10\/ana-sayfa-yaban-domuzu-yavrulari-1500x720-1.jpg 1500w, https:\/\/aylinelektronik.com\/aylin\/wp-content\/uploads\/2022\/10\/ana-sayfa-yaban-domuzu-yavrulari-1500x720-1-300x144.jpg 300w, https:\/\/aylinelektronik.com\/aylin\/wp-content\/uploads\/2022\/10\/ana-sayfa-yaban-domuzu-yavrulari-1500x720-1-1024x492.jpg 1024w, https:\/\/aylinelektronik.com\/aylin\/wp-content\/uploads\/2022\/10\/ana-sayfa-yaban-domuzu-yavrulari-1500x720-1-768x369.jpg 768w\" sizes=\"auto, (max-width: 361px) 100vw, 361px\" \/><\/p>\n<\/div>\n<\/div>\n<\/div>\n<\/div>\n<\/div>\n","protected":false},"excerpt":{"rendered":"<p>Yabani ve Vah\u015fi Hayvanlarda \u015eok Etkisi Olu\u015fturmak Amac\u0131yla Kesintili Y\u00fcksek Voltaj, Y\u00fcksek Ak\u0131m Sa\u011flayan Enerji Kayna\u011f\u0131d\u0131r&#8230;<\/p>\n","protected":false},"author":1,"featured_media":887,"parent":76,"menu_order":0,"comment_status":"closed","ping_status":"closed","template":"","meta":{"om_disable_all_campaigns":false,"_monsterinsights_skip_tracking":false,"_monsterinsights_sitenote_active":false,"_monsterinsights_sitenote_note":"","_monsterinsights_sitenote_category":0,"footnotes":""},"class_list":["post-1006","page","type-page","status-publish","has-post-thumbnail","hentry"],"aioseo_notices":[],"_links":{"self":[{"href":"https:\/\/aylinelektronik.com\/aylin\/wp-json\/wp\/v2\/pages\/1006","targetHints":{"allow":["GET"]}}],"collection":[{"href":"https:\/\/aylinelektronik.com\/aylin\/wp-json\/wp\/v2\/pages"}],"about":[{"href":"https:\/\/aylinelektronik.com\/aylin\/wp-json\/wp\/v2\/types\/page"}],"author":[{"embeddable":true,"href":"https:\/\/aylinelektronik.com\/aylin\/wp-json\/wp\/v2\/users\/1"}],"replies":[{"embeddable":true,"href":"https:\/\/aylinelektronik.com\/aylin\/wp-json\/wp\/v2\/comments?post=1006"}],"version-history":[{"count":2,"href":"https:\/\/aylinelektronik.com\/aylin\/wp-json\/wp\/v2\/pages\/1006\/revisions"}],"predecessor-version":[{"id":1541,"href":"https:\/\/aylinelektronik.com\/aylin\/wp-json\/wp\/v2\/pages\/1006\/revisions\/1541"}],"up":[{"embeddable":true,"href":"https:\/\/aylinelektronik.com\/aylin\/wp-json\/wp\/v2\/pages\/76"}],"wp:featuredmedia":[{"embeddable":true,"href":"https:\/\/aylinelektronik.com\/aylin\/wp-json\/"}],"wp:attachment":[{"href":"https:\/\/aylinelektronik.com\/aylin\/wp-json\/wp\/v2\/media?parent=1006"}],"curies":[{"name":"wp","href":"https:\/\/api.w.org\/{rel}","templated":true}]}}